{"id":1057,"date":"2020-12-15T11:11:56","date_gmt":"2020-12-15T10:11:56","guid":{"rendered":"https:\/\/mertzel.dk\/?page_id=1057"},"modified":"2020-12-15T11:55:16","modified_gmt":"2020-12-15T10:55:16","slug":"smarthome","status":"publish","type":"page","link":"https:\/\/mertzel.dk\/?page_id=1057","title":{"rendered":"SMARTHOME"},"content":{"rendered":"<p>[et_pb_section fb_built=&#8221;1&#8243; admin_label=&#8221;Hero Section&#8221; _builder_version=&#8221;3.22&#8243; custom_padding=&#8221;0|0px|0px|0px&#8221;][et_pb_row use_custom_gutter=&#8221;on&#8221; make_equal=&#8221;on&#8221; _builder_version=&#8221;4.6.1&#8243; width=&#8221;100%&#8221; max_width=&#8221;100%&#8221; custom_padding=&#8221;0px|0|0px|&#8221; hover_enabled=&#8221;0&#8243; use_custom_width=&#8221;on&#8221; width_unit=&#8221;off&#8221; custom_width_percent=&#8221;100%&#8221; column_structure=&#8221;1_2,1_2&#8243; sticky_enabled=&#8221;0&#8243;][et_pb_column type=&#8221;1_2&#8243; _builder_version=&#8221;3.25&#8243; custom_padding=&#8221;200px|4%|200px|8%&#8221; custom_padding_tablet=&#8221;60px|10%|60px|10%&#8221; custom_padding_last_edited=&#8221;on|tablet&#8221; padding_tablet=&#8221;60px|10%|60px|10%&#8221; padding_last_edited=&#8221;on|tablet&#8221; custom_padding__hover=&#8221;|||&#8221;][et_pb_text _builder_version=&#8221;4.6.1&#8243; text_font=&#8221;||||||||&#8221; header_font=&#8221;||||||||&#8221; header_3_font=&#8221;Karla|700||on|||||&#8221; header_3_text_color=&#8221;#22a7f0&#8243; header_3_font_size=&#8221;16px&#8221; header_3_letter_spacing=&#8221;1px&#8221; background_layout=&#8221;dark&#8221; max_width=&#8221;600px&#8221; module_alignment=&#8221;left&#8221; custom_margin=&#8221;||20px|&#8221; hover_enabled=&#8221;0&#8243; locked=&#8221;off&#8221; sticky_enabled=&#8221;0&#8243;]<\/p>\n<h3>What We Do<\/h3>\n<p>[\/et_pb_text][et_pb_text _builder_version=&#8221;4.6.1&#8243; text_font=&#8221;Karla||||||||&#8221; text_font_size=&#8221;18px&#8221; text_line_height=&#8221;1.8em&#8221; header_font=&#8221;Poppins||||||||&#8221; header_font_size=&#8221;56px&#8221; header_line_height=&#8221;1.4em&#8221; max_width=&#8221;600px&#8221; hover_enabled=&#8221;0&#8243; header_font_size_tablet=&#8221;40px&#8221; header_font_size_phone=&#8221;&#8221; header_font_size_last_edited=&#8221;on|tablet&#8221; locked=&#8221;off&#8221; sticky_enabled=&#8221;0&#8243;]<\/p>\n<h1><span style=\"color: #22a7f0;\">SMART<\/span> HOME<\/h1>\n<p>Smarthomes forbinder dine elektriske installationer i hjemmet, og lader dig fjernstyre dem via din smartphone, tablet, computer eller tilh\u00f8rende styringsenheder. Med Smarthome-installationer har du eksempelvis mulighed for at indstille lyset i huset til at t\u00e6nde og slukke automatisk p\u00e5 bestemte tidspunkter af dagen, eller afh\u00e6ngig af hvor du befinder dig i huset. Smarthomes g\u00f8r det nemt at f\u00e5 overblik og kontrol over bl.a. lys, alarmer eller videooverv\u00e5gning.<\/p>\n<p>&nbsp;<\/p>\n<p>[\/et_pb_text][\/et_pb_column][et_pb_column type=&#8221;1_2&#8243; _builder_version=&#8221;4.6.1&#8243; background_color=&#8221;#121212&#8243; use_background_color_gradient=&#8221;on&#8221; background_color_gradient_start=&#8221;rgba(18,18,18,0.5)&#8221; background_color_gradient_end=&#8221;#121212&#8243; background_color_gradient_overlays_image=&#8221;on&#8221; background_image=&#8221;https:\/\/mertzel.dk\/wp-content\/uploads\/2020\/12\/kvinde-styrer-sit-smart-home-med-ipad.jpg&#8221; custom_padding=&#8221;100px||100px|&#8221; custom_padding_tablet=&#8221;60px||60px|&#8221; custom_padding_last_edited=&#8221;on|desktop&#8221; hover_enabled=&#8221;0&#8243; padding_tablet=&#8221;60px||60px|&#8221; padding_last_edited=&#8221;on|desktop&#8221; custom_padding__hover=&#8221;|||&#8221; title_text=&#8221;kvinde-styrer-sit-smart-home-med-ipad&#8221; sticky_enabled=&#8221;0&#8243;][et_pb_divider show_divider=&#8221;off&#8221; _builder_version=&#8221;3.2&#8243; height=&#8221;100px&#8221;][\/et_pb_divider][\/et_pb_column][\/et_pb_row][\/et_pb_section][et_pb_section fb_built=&#8221;1&#8243; admin_label=&#8221;Services&#8221; _builder_version=&#8221;3.22&#8243; background_color=&#8221;#121212&#8243; custom_padding=&#8221;100px|0px|100px|0px&#8221;][et_pb_row _builder_version=&#8221;3.25&#8243; custom_margin=&#8221;|||&#8221; custom_padding=&#8221;27px|0px|0|0px&#8221; border_color_all=&#8221;#1a1a1a&#8221;][et_pb_column type=&#8221;4_4&#8243; _builder_version=&#8221;3.25&#8243; custom_padding=&#8221;|||&#8221; custom_padding__hover=&#8221;|||&#8221;][et_pb_text _builder_version=&#8221;4.6.1&#8243; text_font=&#8221;||||||||&#8221; header_font=&#8221;||||||||&#8221; header_3_font=&#8221;Karla|700||on|||||&#8221; header_3_text_color=&#8221;rgba(255,255,255,0.6)&#8221; header_3_font_size=&#8221;16px&#8221; header_3_letter_spacing=&#8221;1px&#8221; background_layout=&#8221;dark&#8221; max_width=&#8221;600px&#8221; module_alignment=&#8221;left&#8221; custom_margin=&#8221;|||&#8221; hover_enabled=&#8221;0&#8243; locked=&#8221;off&#8221; sticky_enabled=&#8221;0&#8243;]<\/p>\n<h3>SMARTHOME L\u00d8SNINGER\u00a0<\/h3>\n<p>[\/et_pb_text][\/et_pb_column][\/et_pb_row][et_pb_row _builder_version=&#8221;3.25&#8243; custom_margin=&#8221;|||&#8221; custom_padding=&#8221;|||&#8221; animation_style=&#8221;slide&#8221; animation_direction=&#8221;bottom&#8221; animation_intensity_slide=&#8221;6%&#8221; column_structure=&#8221;1_2,1_2&#8243;][et_pb_column type=&#8221;1_2&#8243; _builder_version=&#8221;3.25&#8243; custom_padding=&#8221;|||&#8221; custom_padding__hover=&#8221;|||&#8221;][et_pb_blurb title=&#8221;Intelligent varmestyring&#8221; image=&#8221;https:\/\/mertzel.dk\/wp-content\/uploads\/2020\/12\/heating.png&#8221; icon_placement=&#8221;left&#8221; image_max_width=&#8221;76px&#8221; content_max_width=&#8221;100%&#8221; _builder_version=&#8221;4.6.1&#8243; header_font=&#8221;Poppins|500|||||||&#8221; header_font_size=&#8221;29px&#8221; body_font=&#8221;Karla||||||||&#8221; body_text_color=&#8221;rgba(255,255,255,0.7)&#8221; body_font_size=&#8221;18px&#8221; body_line_height=&#8221;1.8em&#8221; background_layout=&#8221;dark&#8221; custom_margin=&#8221;60px|||&#8221; animation=&#8221;off&#8221; hover_enabled=&#8221;0&#8243; title_text=&#8221;heating&#8221; sticky_enabled=&#8221;0&#8243; header_letter_spacing=&#8221;1px&#8221; header_line_height=&#8221;1.4em&#8221;]<\/p>\n<p><span>F\u00e5 styr p\u00e5 varmen i dit hjem \u2013 ogs\u00e5 n\u00e5r du ikke er hjemme. Med varmestyringssystemet sidder der f\u00f8lere i alle rum, der giver dig overblik og kontrol over rumtemperaturen. Og v\u00e6lger du samtidig en gulvf\u00f8ler, f\u00e5r du ekstra komfort, da du dermed ogs\u00e5 kan undg\u00e5 kolde klinkegulve. <\/span><\/p>\n<p>&nbsp;<\/p>\n<p>[\/et_pb_blurb][\/et_pb_column][et_pb_column type=&#8221;1_2&#8243; _builder_version=&#8221;3.25&#8243; custom_padding=&#8221;|||&#8221; custom_padding__hover=&#8221;|||&#8221;][et_pb_blurb title=&#8221;Intelligente kameraer, sensorer og alarmer&#8221; image=&#8221;https:\/\/mertzel.dk\/wp-content\/uploads\/2020\/12\/sensor.png&#8221; icon_placement=&#8221;left&#8221; image_max_width=&#8221;76px&#8221; content_max_width=&#8221;100%&#8221; _builder_version=&#8221;4.6.1&#8243; header_font=&#8221;Poppins|500|||||||&#8221; header_font_size=&#8221;28px&#8221; body_font=&#8221;Karla||||||||&#8221; body_text_color=&#8221;rgba(255,255,255,0.7)&#8221; body_font_size=&#8221;18px&#8221; body_line_height=&#8221;1.8em&#8221; background_layout=&#8221;dark&#8221; custom_margin=&#8221;60px|||&#8221; animation=&#8221;off&#8221; hover_enabled=&#8221;0&#8243; title_text=&#8221;sensor&#8221; sticky_enabled=&#8221;0&#8243; header_letter_spacing=&#8221;1px&#8221; header_line_height=&#8221;1.4em&#8221;]<\/p>\n<p><span style=\"font-size: 18px;\">Alarmsystemer sikrer effektivt dit hjem eller virksomhed mod indbrud, men der findes ogs\u00e5 systemer, der sikrer dig imod en r\u00e6kke ubehagelige skader som fx. fugt- vand- og r\u00f8gskader. Med det rigtige overv\u00e5gnings- og sikringssystem kan disse ofte undg\u00e5s.<\/span><\/p>\n<p>&nbsp;<\/p>\n<p>[\/et_pb_blurb][\/et_pb_column][\/et_pb_row][et_pb_row _builder_version=&#8221;3.25&#8243; custom_margin=&#8221;|||&#8221; custom_padding=&#8221;|||&#8221; animation_style=&#8221;slide&#8221; animation_direction=&#8221;bottom&#8221; animation_intensity_slide=&#8221;6%&#8221; column_structure=&#8221;1_2,1_2&#8243;][et_pb_column type=&#8221;1_2&#8243; _builder_version=&#8221;3.25&#8243; custom_padding=&#8221;|||&#8221; custom_padding__hover=&#8221;|||&#8221;][et_pb_blurb title=&#8221;Intelligent belysning&#8221; image=&#8221;https:\/\/mertzel.dk\/wp-content\/uploads\/2020\/12\/smartlight.png&#8221; icon_placement=&#8221;left&#8221; image_max_width=&#8221;76px&#8221; content_max_width=&#8221;100%&#8221; _builder_version=&#8221;4.6.1&#8243; header_font=&#8221;Poppins|500|||||||&#8221; header_font_size=&#8221;29px&#8221; body_font=&#8221;Karla||||||||&#8221; body_text_color=&#8221;rgba(255,255,255,0.7)&#8221; body_font_size=&#8221;18px&#8221; body_line_height=&#8221;1.8em&#8221; background_layout=&#8221;dark&#8221; custom_margin=&#8221;60px|||&#8221; animation=&#8221;off&#8221; hover_enabled=&#8221;0&#8243; title_text=&#8221;smartlight&#8221; sticky_enabled=&#8221;0&#8243; header_letter_spacing=&#8221;1px&#8221;]<\/p>\n<p>Med intelligente systemer til lysstyring f\u00e5r du mere komfort i hverdagen. Samtidig er det en enest\u00e5ende mulighed for at f\u00e5 banket elregningen i bund, da b\u00e5de lyskilder og sensorer kan v\u00e6re med til at s\u00e6nke energiforbruget markant.<\/p>\n<p>&nbsp;<\/p>\n<p>[\/et_pb_blurb][\/et_pb_column][et_pb_column type=&#8221;1_2&#8243; _builder_version=&#8221;3.25&#8243; custom_padding=&#8221;|||&#8221; custom_padding__hover=&#8221;|||&#8221;][et_pb_blurb title=&#8221;Vejrstationer og indeklimastyring&#8221; image=&#8221;https:\/\/mertzel.dk\/wp-content\/uploads\/2020\/12\/hot.png&#8221; icon_placement=&#8221;left&#8221; image_max_width=&#8221;76px&#8221; content_max_width=&#8221;100%&#8221; _builder_version=&#8221;4.6.1&#8243; header_font=&#8221;Poppins|500|||||||&#8221; header_font_size=&#8221;28px&#8221; body_font=&#8221;Karla||||||||&#8221; body_text_color=&#8221;rgba(255,255,255,0.7)&#8221; body_font_size=&#8221;18px&#8221; body_line_height=&#8221;1.8em&#8221; background_layout=&#8221;dark&#8221; custom_margin=&#8221;60px|||&#8221; animation=&#8221;off&#8221; hover_enabled=&#8221;0&#8243; title_text=&#8221;hot&#8221; sticky_enabled=&#8221;0&#8243; header_letter_spacing=&#8221;1px&#8221; header_line_height=&#8221;1.4em&#8221;]<\/p>\n<p><span>Sensorer og vejrstationer p\u00e5 taget styrer motorerne, der automatisk kan \u00e5bne og lukke for vinduerne baseret p\u00e5 \u00f8nsket temperatur, luftfugtighed og CO2 niveau.<\/span><\/p>\n<p>&nbsp;<\/p>\n<p>[\/et_pb_blurb][\/et_pb_column][\/et_pb_row][\/et_pb_section][et_pb_section fb_built=&#8221;1&#8243; admin_label=&#8221;Hero Section&#8221; _builder_version=&#8221;3.22&#8243; custom_padding=&#8221;0|0px|0px|0px&#8221;][et_pb_row _builder_version=&#8221;4.6.1&#8243; background_color=&#8221;#f2f2f2&#8243; width=&#8221;100%&#8221; max_width=&#8221;100%&#8221; custom_margin=&#8221;|||&#8221; custom_padding=&#8221;0px|0|0px|||&#8221; hover_enabled=&#8221;0&#8243; use_custom_width=&#8221;on&#8221; width_unit=&#8221;off&#8221; custom_width_percent=&#8221;100%&#8221; column_structure=&#8221;1_2,1_2&#8243; sticky_enabled=&#8221;0&#8243;][et_pb_column type=&#8221;1_2&#8243; _builder_version=&#8221;3.25&#8243; custom_padding=&#8221;100px||100px|8%&#8221; custom_padding_tablet=&#8221;60px|10%|60px|10%&#8221; custom_padding_last_edited=&#8221;on|tablet&#8221; padding_tablet=&#8221;60px|10%|60px|10%&#8221; padding_last_edited=&#8221;on|tablet&#8221; custom_padding__hover=&#8221;|||&#8221;][et_pb_text _builder_version=&#8221;4.6.1&#8243; text_font=&#8221;||||||||&#8221; header_font=&#8221;||||||||&#8221; header_3_font=&#8221;Karla|700||on|||||&#8221; header_3_text_color=&#8221;#22a7f0&#8243; header_3_font_size=&#8221;16px&#8221; header_3_letter_spacing=&#8221;1px&#8221; text_orientation=&#8221;right&#8221; background_layout=&#8221;dark&#8221; module_alignment=&#8221;right&#8221; custom_margin=&#8221;40px||20px|&#8221; hover_enabled=&#8221;0&#8243; locked=&#8221;off&#8221; sticky_enabled=&#8221;0&#8243;]<\/p>\n<h3>SMARTHOME<\/h3>\n<p>[\/et_pb_text][et_pb_divider color=&#8221;#22a7f0&#8243; divider_weight=&#8221;2px&#8221; _builder_version=&#8221;4.6.1&#8243; max_width=&#8221;150px&#8221; module_alignment=&#8221;right&#8221; height=&#8221;2px&#8221; custom_margin=&#8221;|||&#8221; custom_padding=&#8221;|-60px||&#8221; custom_padding_tablet=&#8221;|0px||&#8221; custom_padding_last_edited=&#8221;off|desktop&#8221; hover_enabled=&#8221;0&#8243; locked=&#8221;off&#8221; sticky_enabled=&#8221;0&#8243;][\/et_pb_divider][et_pb_text _builder_version=&#8221;4.6.1&#8243; text_font=&#8221;Karla||||||||&#8221; text_text_color=&#8221;#545454&#8243; text_font_size=&#8221;17px&#8221; text_line_height=&#8221;1.8em&#8221; header_font=&#8221;||||||||&#8221; header_2_font=&#8221;Poppins||||||||&#8221; header_2_font_size=&#8221;34px&#8221; header_2_line_height=&#8221;1.4em&#8221; header_3_font=&#8221;||||||||&#8221; text_orientation=&#8221;right&#8221; background_layout=&#8221;dark&#8221; max_width=&#8221;600px&#8221; module_alignment=&#8221;right&#8221; hover_enabled=&#8221;0&#8243; locked=&#8221;off&#8221; sticky_enabled=&#8221;0&#8243; header_2_letter_spacing=&#8221;1px&#8221; header_2_text_color=&#8221;#121212&#8243;]<\/p>\n<h2>FULD KONTROL OVER <span style=\"color: #22a7f0;\">FORBRUGET<\/span><\/h2>\n<p><span style=\"color: rgba(237, 237, 237, 0.7);\"><a class=\"cta  hasText      \" style=\"color: rgba(237, 237, 237, 0.7);\">Smarthomes g\u00f8r hverdagen lettere, men g\u00f8r det ogs\u00e5 nemt at spare energi. Med de forskellige <\/a><\/span>intelligente installationer, kan du indstille hjemmet til automatisk at t\u00e6nde og slukke for lyset, eller skrue op og ned for varmen. Det g\u00f8r det nemmere at holde styr p\u00e5 el-, vand- og varmeforbruget og ventilation. Med en gennemt\u00e6nkt ops\u00e6tning af de forskellige enheder, kan der v\u00e6re energibesparelser at hente. Du sparer f.eks. b\u00e5de penge og energi ved at s\u00e6tte dit smarthome system til at spare p\u00e5 varme og ventilation i hjemmet, mens du ikke er hjemme, eller ved automatisk at slukke for lyset i et rum, n\u00e5r du forlader det. Det intelligente hjem er en h\u00e5ndsr\u00e6kning til dig og din familie i dagligdagen og er kommet for at blive.<\/p>\n<p>[\/et_pb_text][\/et_pb_column][et_pb_column type=&#8221;1_2&#8243; _builder_version=&#8221;4.6.1&#8243; use_background_color_gradient=&#8221;on&#8221; background_color_gradient_start=&#8221;rgba(18,18,18,0.5)&#8221; background_color_gradient_end=&#8221;#121212&#8243; background_color_gradient_overlays_image=&#8221;on&#8221; background_image=&#8221;https:\/\/mertzel.dk\/wp-content\/uploads\/2020\/12\/vinicius-amnx-amano-ALpEkP29Eys-unsplash-scaled.jpg&#8221; custom_padding=&#8221;100px|8%|100px|&#8221; custom_padding_tablet=&#8221;60px|10%|60px|10%&#8221; custom_padding_last_edited=&#8221;on|phone&#8221; hover_enabled=&#8221;0&#8243; padding_tablet=&#8221;60px|10%|60px|10%&#8221; padding_last_edited=&#8221;on|phone&#8221; custom_padding__hover=&#8221;|||&#8221; title_text=&#8221;vinicius-amnx-amano-ALpEkP29Eys-unsplash&#8221; sticky_enabled=&#8221;0&#8243;][et_pb_image src=&#8221;https:\/\/mertzel.dk\/wp-content\/uploads\/2020\/12\/vinicius-amnx-amano-ALpEkP29Eys-unsplash-scaled.jpg&#8221; align_tablet=&#8221;center&#8221; align_last_edited=&#8221;on|desktop&#8221; _builder_version=&#8221;4.6.1&#8243; max_width=&#8221;600px&#8221; max_width_tablet=&#8221;&#8221; max_width_phone=&#8221;&#8221; max_width_last_edited=&#8221;on|desktop&#8221; custom_margin=&#8221;||96px|-8%||&#8221; custom_margin_tablet=&#8221;|||&#8221; custom_margin_last_edited=&#8221;off|desktop&#8221; custom_padding=&#8221;|||&#8221; animation_style=&#8221;slide&#8221; animation_direction=&#8221;right&#8221; animation_intensity_slide=&#8221;4%&#8221; animation_starting_opacity=&#8221;50%&#8221; hover_enabled=&#8221;0&#8243; box_shadow_style=&#8221;preset3&#8243; box_shadow_blur=&#8221;80px&#8221; title_text=&#8221;vinicius-amnx-amano-ALpEkP29Eys-unsplash&#8221; sticky_enabled=&#8221;0&#8243;][\/et_pb_image][\/et_pb_column][\/et_pb_row][\/et_pb_section]<\/p>\n","protected":false},"excerpt":{"rendered":"<p>What We Do SMART HOME Smarthomes forbinder dine elektriske installationer i hjemmet, og lader dig fjernstyre dem via din smartphone, tablet, computer eller tilh\u00f8rende styringsenheder. Med Smarthome-installationer har du eksempelvis mulighed for at indstille lyset i huset til at t\u00e6nde og slukke automatisk p\u00e5 bestemte tidspunkter af dagen, eller afh\u00e6ngig af hvor du befinder dig [&hellip;]<\/p>\n","protected":false},"author":4,"featured_media":0,"parent":0,"menu_order":0,"comment_status":"closed","ping_status":"closed","template":"","meta":{"_et_pb_use_builder":"on","_et_pb_old_content":"","_et_gb_content_width":"","footnotes":""},"class_list":["post-1057","page","type-page","status-publish","hentry"],"_links":{"self":[{"href":"https:\/\/mertzel.dk\/index.php?rest_route=\/wp\/v2\/pages\/1057","targetHints":{"allow":["GET"]}}],"collection":[{"href":"https:\/\/mertzel.dk\/index.php?rest_route=\/wp\/v2\/pages"}],"about":[{"href":"https:\/\/mertzel.dk\/index.php?rest_route=\/wp\/v2\/types\/page"}],"author":[{"embeddable":true,"href":"https:\/\/mertzel.dk\/index.php?rest_route=\/wp\/v2\/users\/4"}],"replies":[{"embeddable":true,"href":"https:\/\/mertzel.dk\/index.php?rest_route=%2Fwp%2Fv2%2Fcomments&post=1057"}],"version-history":[{"count":5,"href":"https:\/\/mertzel.dk\/index.php?rest_route=\/wp\/v2\/pages\/1057\/revisions"}],"predecessor-version":[{"id":1083,"href":"https:\/\/mertzel.dk\/index.php?rest_route=\/wp\/v2\/pages\/1057\/revisions\/1083"}],"wp:attachment":[{"href":"https:\/\/mertzel.dk\/index.php?rest_route=%2Fwp%2Fv2%2Fmedia&parent=1057"}],"curies":[{"name":"wp","href":"https:\/\/api.w.org\/{rel}","templated":true}]}}