{"id":1748,"date":"2021-02-25T14:35:16","date_gmt":"2021-02-25T13:35:16","guid":{"rendered":"https:\/\/mertzel.dk\/?page_id=1748"},"modified":"2022-01-03T08:50:29","modified_gmt":"2022-01-03T07:50:29","slug":"ladestander-2","status":"publish","type":"page","link":"https:\/\/mertzel.dk\/?page_id=1748","title":{"rendered":"LADESTANDER"},"content":{"rendered":"<p>[et_pb_section fb_built=&#8221;1&#8243; _builder_version=&#8221;4.6.1&#8243; _module_preset=&#8221;default&#8221; custom_padding=&#8221;0px||0px|||&#8221;][et_pb_row column_structure=&#8221;1_2,1_2&#8243; _builder_version=&#8221;4.6.1&#8243; _module_preset=&#8221;default&#8221; width=&#8221;100%&#8221; max_width=&#8221;2560px&#8221; custom_padding=&#8221;0px||0px|||&#8221; hover_enabled=&#8221;0&#8243; sticky_enabled=&#8221;0&#8243;][et_pb_column type=&#8221;1_2&#8243; _builder_version=&#8221;4.6.1&#8243; _module_preset=&#8221;default&#8221; background_enable_image=&#8221;off&#8221;][et_pb_image src=&#8221;https:\/\/mertzel.dk\/wp-content\/uploads\/2021\/02\/pexels-gustavo-fring-4005049-scaled-1.jpg&#8221; title_text=&#8221;pexels-gustavo-fring-4005049-scaled&#8221; _builder_version=&#8221;4.6.1&#8243; _module_preset=&#8221;default&#8221; custom_margin=&#8221;|-39px||||&#8221;][\/et_pb_image][\/et_pb_column][et_pb_column type=&#8221;1_2&#8243; _builder_version=&#8221;4.6.1&#8243; _module_preset=&#8221;default&#8221; hover_enabled=&#8221;0&#8243; custom_padding=&#8221;100px||||false|false&#8221; sticky_enabled=&#8221;0&#8243;][et_pb_text _builder_version=&#8221;4.6.1&#8243; _module_preset=&#8221;default&#8221; text_font=&#8221;Poppins|800|||||||&#8221; text_text_color=&#8221;#121212&#8243; text_font_size=&#8221;51px&#8221; text_line_height=&#8221;1.2em&#8221; header_font=&#8221;Poppins||||||||&#8221; custom_margin=&#8221;64px||17px||false|&#8221;]<\/p>\n<p>Det skal v\u00e6re nemt, effektivt og sikkert.<\/p>\n<p>[\/et_pb_text][et_pb_text _builder_version=&#8221;4.6.1&#8243; _module_preset=&#8221;default&#8221; text_font=&#8221;Montserrat||||||||&#8221; text_text_color=&#8221;#444444&#8243; text_font_size=&#8221;16px&#8221; text_line_height=&#8221;1.6em&#8221; header_font=&#8221;||||||||&#8221;]<\/p>\n<p><span>Det vigtigste ved en ladestander til elbilen, er selvf\u00f8lgelig sikkerheden. Det kr\u00e6ver en professionel installat\u00f8r at r\u00e5dgive og installere om den rigtige l\u00f8sning \u2013 ellers kan konsekvenserne v\u00e6re alvorlige. Men det er ogs\u00e5 vigtigt, at du f\u00e5r en lader, der effektivt kan lade elbilen lige der, hvor du har brug for det. Hvis du fx ved, at du kun holder et sted i ca. tre timer ad gangen, s\u00e5 skal det tages med i overvejelserne.<\/span><\/p>\n<p>[\/et_pb_text][\/et_pb_column][\/et_pb_row][et_pb_row column_structure=&#8221;1_2,1_2&#8243; _builder_version=&#8221;4.6.1&#8243; _module_preset=&#8221;default&#8221; width=&#8221;100%&#8221; max_width=&#8221;2560px&#8221; custom_padding=&#8221;0px||0px|||&#8221; hover_enabled=&#8221;0&#8243; sticky_enabled=&#8221;0&#8243;][et_pb_column type=&#8221;1_2&#8243; _builder_version=&#8221;4.6.1&#8243; _module_preset=&#8221;default&#8221; hover_enabled=&#8221;0&#8243; custom_padding=&#8221;100px||||false|false&#8221; sticky_enabled=&#8221;0&#8243;][et_pb_text _builder_version=&#8221;4.6.1&#8243; _module_preset=&#8221;default&#8221; text_font=&#8221;Poppins|800|||||||&#8221; text_text_color=&#8221;#121212&#8243; text_font_size=&#8221;51px&#8221; text_line_height=&#8221;1.2em&#8221; header_font=&#8221;Poppins||||||||&#8221; custom_margin=&#8221;64px||17px||false|&#8221; custom_padding=&#8221;|||70px||&#8221; hover_enabled=&#8221;0&#8243; sticky_enabled=&#8221;0&#8243;]<\/p>\n<p>Tiltr\u00e6k kunder med elbiler<\/p>\n<p>[\/et_pb_text][et_pb_text _builder_version=&#8221;4.6.1&#8243; _module_preset=&#8221;default&#8221; text_font=&#8221;Montserrat||||||||&#8221; text_text_color=&#8221;#444444&#8243; text_font_size=&#8221;16px&#8221; text_line_height=&#8221;1.6em&#8221; header_font=&#8221;||||||||&#8221; custom_padding=&#8221;|||70px||&#8221; hover_enabled=&#8221;0&#8243; sticky_enabled=&#8221;0&#8243;]<\/p>\n<p><span>Flere og flere danskere foretager skiftet til elbil. Derfor kan det v\u00e6re en god id\u00e9 at tilbyde mulighed for opladning af elbilen til sine kunder. Det er en klar konkurrencefordel for en virksomhed, at kundens bil kan lades op lige uden for d\u00f8ren \u2013 og det er en oplagt m\u00e5de at g\u00f8re det let for kunderne at v\u00e6lge ens virksomhed til.\u00a0<\/span><\/p>\n<p>[\/et_pb_text][\/et_pb_column][et_pb_column type=&#8221;1_2&#8243; _builder_version=&#8221;4.6.1&#8243; _module_preset=&#8221;default&#8221; background_enable_image=&#8221;off&#8221;][et_pb_image src=&#8221;https:\/\/mertzel.dk\/wp-content\/uploads\/2021\/02\/LS1.png&#8221; title_text=&#8221;LS1&#8243; _builder_version=&#8221;4.6.1&#8243; _module_preset=&#8221;default&#8221; custom_margin=&#8221;|-39px||-50px||&#8221; custom_padding=&#8221;||4px|||&#8221;][\/et_pb_image][\/et_pb_column][\/et_pb_row][\/et_pb_section]<\/p>\n","protected":false},"excerpt":{"rendered":"<p>Det skal v\u00e6re nemt, effektivt og sikkert.Det vigtigste ved en ladestander til elbilen, er selvf\u00f8lgelig sikkerheden. Det kr\u00e6ver en professionel installat\u00f8r at r\u00e5dgive og installere om den rigtige l\u00f8sning \u2013 ellers kan konsekvenserne v\u00e6re alvorlige. Men det er ogs\u00e5 vigtigt, at du f\u00e5r en lader, der effektivt kan lade elbilen lige der, hvor du har [&hellip;]<\/p>\n","protected":false},"author":4,"featured_media":0,"parent":0,"menu_order":0,"comment_status":"closed","ping_status":"closed","template":"","meta":{"_et_pb_use_builder":"on","_et_pb_old_content":"","_et_gb_content_width":"","footnotes":""},"class_list":["post-1748","page","type-page","status-publish","hentry"],"_links":{"self":[{"href":"https:\/\/mertzel.dk\/index.php?rest_route=\/wp\/v2\/pages\/1748","targetHints":{"allow":["GET"]}}],"collection":[{"href":"https:\/\/mertzel.dk\/index.php?rest_route=\/wp\/v2\/pages"}],"about":[{"href":"https:\/\/mertzel.dk\/index.php?rest_route=\/wp\/v2\/types\/page"}],"author":[{"embeddable":true,"href":"https:\/\/mertzel.dk\/index.php?rest_route=\/wp\/v2\/users\/4"}],"replies":[{"embeddable":true,"href":"https:\/\/mertzel.dk\/index.php?rest_route=%2Fwp%2Fv2%2Fcomments&post=1748"}],"version-history":[{"count":5,"href":"https:\/\/mertzel.dk\/index.php?rest_route=\/wp\/v2\/pages\/1748\/revisions"}],"predecessor-version":[{"id":1838,"href":"https:\/\/mertzel.dk\/index.php?rest_route=\/wp\/v2\/pages\/1748\/revisions\/1838"}],"wp:attachment":[{"href":"https:\/\/mertzel.dk\/index.php?rest_route=%2Fwp%2Fv2%2Fmedia&parent=1748"}],"curies":[{"name":"wp","href":"https:\/\/api.w.org\/{rel}","templated":true}]}}