{"id":892,"date":"2020-12-01T15:50:51","date_gmt":"2020-12-01T14:50:51","guid":{"rendered":"https:\/\/mertzel.dk\/?page_id=892"},"modified":"2021-01-10T17:18:23","modified_gmt":"2021-01-10T16:18:23","slug":"lampeskaerme","status":"publish","type":"page","link":"https:\/\/mertzel.dk\/?page_id=892","title":{"rendered":"VARMEPUMPE"},"content":{"rendered":"<p>[et_pb_section fb_built=&#8221;1&#8243; admin_label=&#8221;Hero Section&#8221; _builder_version=&#8221;4.6.1&#8243; custom_padding=&#8221;0|0px|0px|0px&#8221;][et_pb_row column_structure=&#8221;1_2,1_2&#8243; use_custom_gutter=&#8221;on&#8221; make_equal=&#8221;on&#8221; _builder_version=&#8221;4.6.1&#8243; width=&#8221;100%&#8221; max_width=&#8221;100%&#8221; custom_padding=&#8221;0px|0|0px|&#8221; use_custom_width=&#8221;on&#8221; width_unit=&#8221;off&#8221; custom_width_percent=&#8221;100%&#8221;][et_pb_column type=&#8221;1_2&#8243; _builder_version=&#8221;4.6.1&#8243; custom_padding=&#8221;200px|4%|200px|8%&#8221; custom_padding_tablet=&#8221;60px|10%|60px|10%&#8221; custom_padding_phone=&#8221;&#8221; custom_padding_last_edited=&#8221;on|tablet&#8221; padding_tablet=&#8221;60px|10%|60px|10%&#8221; padding_last_edited=&#8221;on|tablet&#8221; custom_padding__hover=&#8221;|||&#8221;][et_pb_text _builder_version=&#8221;4.6.1&#8243; text_font=&#8221;||||||||&#8221; header_font=&#8221;||||||||&#8221; header_3_font=&#8221;Karla|700||on|||||&#8221; header_3_text_color=&#8221;#c2ab92&#8243; header_3_font_size=&#8221;16px&#8221; header_3_letter_spacing=&#8221;1px&#8221; background_layout=&#8221;dark&#8221; max_width=&#8221;600px&#8221; module_alignment=&#8221;left&#8221; custom_margin=&#8221;||20px|&#8221; locked=&#8221;off&#8221;]<\/p>\n<h3>VARMEPUMPE<\/h3>\n<p>[\/et_pb_text][et_pb_text _builder_version=&#8221;4.6.1&#8243; text_font=&#8221;Karla||||||||&#8221; text_font_size=&#8221;18px&#8221; text_line_height=&#8221;1.8em&#8221; header_font=&#8221;Poppins||||||||&#8221; header_font_size=&#8221;56px&#8221; header_line_height=&#8221;1.4em&#8221; max_width=&#8221;600px&#8221; header_font_size_tablet=&#8221;40px&#8221; header_font_size_phone=&#8221;&#8221; header_font_size_last_edited=&#8221;on|tablet&#8221; locked=&#8221;off&#8221;]<\/p>\n<h1>Varmepume<\/h1>\n<p>Et godt indeklima er vigtigt for dine medarbejdes arbejdsmilj\u00f8 og kan hurtigt p\u00e5virke deres effektivitet. Det samme g\u00f8r sig g\u00e6ldende for folks bolig, da\u00a0mennesker opholder sig ca. 80 pct. af tiden inden d\u00f8re.\u00a0Vi kan hj\u00e6lpe dig med den rigtige ventilation eller med et intelligent varmestyringssystem, som s\u00f8rger for j\u00e6vne temperaturer, der samtidig er med til g\u00f8re et godt indeklima billigere.<\/p>\n<p>Hos Mertz Electric st\u00e5r vi klar til at hj\u00e6lpe dig med kvalificeret r\u00e5dgivning, som kan g\u00f8re en m\u00e6rkbar forskel p\u00e5 b\u00e5de dit indeklima og pengepung.<\/p>\n<p>[\/et_pb_text][\/et_pb_column][et_pb_column type=&#8221;1_2&#8243; _builder_version=&#8221;4.6.1&#8243; background_enable_color=&#8221;off&#8221; use_background_color_gradient=&#8221;on&#8221; background_color_gradient_start=&#8221;rgba(18,18,18,0)&#8221; background_color_gradient_end=&#8221;#121212&#8243; background_color_gradient_overlays_image=&#8221;on&#8221; background_image=&#8221;https:\/\/mertzel.dk\/wp-content\/uploads\/2020\/12\/panasonic-vp.jpg&#8221; custom_padding=&#8221;100px||100px|&#8221; custom_padding_tablet=&#8221;60px||60px|&#8221; custom_padding_phone=&#8221;&#8221; custom_padding_last_edited=&#8221;on|desktop&#8221; padding_tablet=&#8221;60px||60px|&#8221; padding_last_edited=&#8221;on|desktop&#8221; custom_padding__hover=&#8221;|||&#8221;][et_pb_divider show_divider=&#8221;off&#8221; _builder_version=&#8221;3.2&#8243; height=&#8221;100px&#8221;][\/et_pb_divider][\/et_pb_column][\/et_pb_row][\/et_pb_section][et_pb_section fb_built=&#8221;1&#8243; admin_label=&#8221;Welcome &#038; About Us&#8221; _builder_version=&#8221;3.22&#8243; background_color=&#8221;#121212&#8243; custom_padding=&#8221;8%|0px|8%|0px&#8221;][et_pb_row column_structure=&#8221;1_2,1_2&#8243; _builder_version=&#8221;3.25&#8243;][et_pb_column type=&#8221;1_2&#8243; _builder_version=&#8221;3.25&#8243; custom_padding=&#8221;|||&#8221; custom_padding__hover=&#8221;|||&#8221;][et_pb_blurb title=&#8221;LUFT TIL LUFT&#8221; image=&#8221;https:\/\/mertzel.dk\/wp-content\/uploads\/2020\/12\/luft2luft.png&#8221; _builder_version=&#8221;4.6.1&#8243; header_font=&#8221;Poppins|300|||||||&#8221; header_font_size=&#8221;24px&#8221; header_letter_spacing=&#8221;2px&#8221; header_line_height=&#8221;1.8em&#8221; body_font=&#8221;Karla||||||||&#8221; body_text_color=&#8221;rgba(255,255,255,0.7)&#8221; body_font_size=&#8221;16px&#8221; body_line_height=&#8221;1.8em&#8221; text_orientation=&#8221;center&#8221; background_layout=&#8221;dark&#8221; animation=&#8221;off&#8221;]<\/p>\n<p><strong>En luft-til-luft varmepumpe er en god l\u00f8sning, hvis du skal have opvarmet et sommerhus eller hvis du vil supplere varmen i dit hel\u00e5rshus med andre varmekilder. <\/strong><\/p>\n<p>[\/et_pb_blurb][\/et_pb_column][et_pb_column type=&#8221;1_2&#8243; _builder_version=&#8221;3.25&#8243; custom_padding=&#8221;|||&#8221; custom_padding__hover=&#8221;|||&#8221;][et_pb_blurb title=&#8221;LUFT TIL VAND&#8221; image=&#8221;https:\/\/mertzel.dk\/wp-content\/uploads\/2020\/12\/luft2vand.png&#8221; _builder_version=&#8221;4.6.1&#8243; header_font=&#8221;Poppins|300|||||||&#8221; header_font_size=&#8221;24px&#8221; header_letter_spacing=&#8221;2px&#8221; header_line_height=&#8221;1.8em&#8221; body_font=&#8221;Karla||||||||&#8221; body_text_color=&#8221;rgba(255,255,255,0.7)&#8221; body_font_size=&#8221;16px&#8221; body_line_height=&#8221;1.8em&#8221; text_orientation=&#8221;center&#8221; background_layout=&#8221;dark&#8221; animation=&#8221;off&#8221;]<\/p>\n<p><strong>\u00a0Luft til vand varmepumper er t\u00e6t p\u00e5 jordvarme hvad ang\u00e5r effektivitet, og i mange tilf\u00e6lde er de den bedste l\u00f8sning blandt varmepumper, n\u00e5r det kommer til decideret opvarmning.<\/strong><\/p>\n<p>&nbsp;<\/p>\n<p>[\/et_pb_blurb][\/et_pb_column][\/et_pb_row][\/et_pb_section][et_pb_section fb_built=&#8221;1&#8243; admin_label=&#8221;Hero Section&#8221; _builder_version=&#8221;4.6.1&#8243; custom_padding=&#8221;0|0px|0px|0px&#8221; locked=&#8221;off&#8221;][et_pb_row column_structure=&#8221;1_2,1_2&#8243; make_equal=&#8221;on&#8221; _builder_version=&#8221;4.6.1&#8243; width=&#8221;100%&#8221; max_width=&#8221;100%&#8221; custom_margin=&#8221;|||&#8221; custom_padding=&#8221;0px|0|0px|&#8221; use_custom_width=&#8221;on&#8221; width_unit=&#8221;off&#8221; custom_width_percent=&#8221;100%&#8221;][et_pb_column type=&#8221;1_2&#8243; _builder_version=&#8221;4.6.1&#8243; use_background_color_gradient=&#8221;on&#8221; background_color_gradient_start=&#8221;rgba(18,18,18,0.15)&#8221; background_color_gradient_end=&#8221;rgba(18,18,18,0.76)&#8221; background_color_gradient_overlays_image=&#8221;on&#8221; background_image=&#8221;https:\/\/mertzel.dk\/wp-content\/uploads\/2020\/12\/fjernstyret-varmepumpe.jpg&#8221; background_position=&#8221;center_right&#8221; custom_padding=&#8221;100px||100px|&#8221; custom_padding_tablet=&#8221;60px||60px|&#8221; custom_padding_phone=&#8221;&#8221; custom_padding_last_edited=&#8221;on|tablet&#8221; padding_tablet=&#8221;60px||60px|&#8221; padding_last_edited=&#8221;on|tablet&#8221; custom_padding__hover=&#8221;|||&#8221;][et_pb_image src=&#8221;https:\/\/mertzel.dk\/wp-content\/uploads\/2020\/12\/fjernstyret-varmepumpe.jpg&#8221; title_text=&#8221;fjernstyret-varmepumpe&#8221; align_tablet=&#8221;center&#8221; align_phone=&#8221;&#8221; align_last_edited=&#8221;on|desktop&#8221; _builder_version=&#8221;4.6.1&#8243; max_width_last_edited=&#8221;off|desktop&#8221; module_alignment=&#8221;center&#8221; custom_margin=&#8221;|-10%||20%&#8221; custom_margin_tablet=&#8221;|10%||10%&#8221; custom_margin_phone=&#8221;&#8221; custom_margin_last_edited=&#8221;on|phone&#8221; custom_padding=&#8221;|||&#8221; animation_style=&#8221;slide&#8221; animation_direction=&#8221;right&#8221; animation_intensity_slide=&#8221;4%&#8221; animation_starting_opacity=&#8221;50%&#8221; box_shadow_style=&#8221;preset3&#8243; box_shadow_blur=&#8221;80px&#8221;][\/et_pb_image][\/et_pb_column][et_pb_column type=&#8221;1_2&#8243; _builder_version=&#8221;3.25&#8243; custom_padding=&#8221;100px|8%|100px|4%&#8221; custom_padding_tablet=&#8221;60px|10%|60px|10%&#8221; custom_padding_phone=&#8221;&#8221; custom_padding_last_edited=&#8221;on|phone&#8221; padding_tablet=&#8221;60px|10%|60px|10%&#8221; padding_last_edited=&#8221;on|phone&#8221; custom_padding__hover=&#8221;|||&#8221;][et_pb_text _builder_version=&#8221;4.6.1&#8243; text_font=&#8221;||||||||&#8221; header_font=&#8221;||||||||&#8221; header_3_font=&#8221;Karla|700||on|||||&#8221; header_3_text_color=&#8221;#c2ab92&#8243; header_3_font_size=&#8221;16px&#8221; header_3_letter_spacing=&#8221;1px&#8221; background_layout=&#8221;dark&#8221; module_alignment=&#8221;right&#8221; custom_margin=&#8221;40px||20px|&#8221; locked=&#8221;off&#8221;]<\/p>\n<h3>VARMEPUMPE<\/h3>\n<p>[\/et_pb_text][et_pb_text _builder_version=&#8221;4.6.1&#8243; text_font=&#8221;Karla||||||||&#8221; text_font_size=&#8221;18px&#8221; text_line_height=&#8221;1.8em&#8221; header_font=&#8221;||||||||&#8221; header_2_font=&#8221;Poppins||||||||&#8221; header_2_font_size=&#8221;39px&#8221; header_2_line_height=&#8221;1.4em&#8221; header_3_font=&#8221;||||||||&#8221; max_width=&#8221;600px&#8221; locked=&#8221;off&#8221;]<\/p>\n<h2>Gr\u00f8n og b\u00e6redygtig varme<\/h2>\n<p>Varmepumper<span>\u00a0bliver mere og mere udbredte blandt danskerne, da de kan skabe store besparelser p\u00e5 varmeregningen i forhold til traditionelle varmekilder, s\u00e5som olie, el eller naturgas. Varmepumper er en b\u00e6redygtig varmekilde, fordi de er i stand til at generere op imod 4-6 gange s\u00e5 meget energi, som de kr\u00e6ver i drift. Varmepumper udnytter varmen i luften eller jorden og overf\u00f8rer den til radiatorer og gulvvarme eller bl\u00e6ser det ind direkte som varm luft. Varmepumper kan give varme \u00e5ret rundt, selv n\u00e5r der er frostgrader udenfor og kan anvendes til opvarmning af alle slags bygninger. Der findes forskellige typer af varmepumper og valget mellem dem afh\u00e6nger bl.a. af hvor meget der skal opvarmes, det eksisterende varmesystem og sidst, men ikke mindst, budget.<\/span><\/p>\n<p>[\/et_pb_text][\/et_pb_column][\/et_pb_row][\/et_pb_section][et_pb_section fb_built=&#8221;1&#8243; admin_label=&#8221;Hero Section&#8221; _builder_version=&#8221;3.22&#8243; custom_padding=&#8221;0|0px|0px|0px&#8221;][et_pb_row column_structure=&#8221;1_2,1_2&#8243; use_custom_gutter=&#8221;on&#8221; make_equal=&#8221;on&#8221; _builder_version=&#8221;4.6.1&#8243; width=&#8221;100%&#8221; max_width=&#8221;100%&#8221; custom_padding=&#8221;0px|0|0px|&#8221; use_custom_width=&#8221;on&#8221; width_unit=&#8221;off&#8221; custom_width_percent=&#8221;100%&#8221;][et_pb_column type=&#8221;1_2&#8243; _builder_version=&#8221;3.25&#8243; custom_padding=&#8221;200px|4%|200px|8%&#8221; custom_padding_tablet=&#8221;60px|10%|60px|10%&#8221; custom_padding_phone=&#8221;&#8221; custom_padding_last_edited=&#8221;on|tablet&#8221; padding_tablet=&#8221;60px|10%|60px|10%&#8221; padding_last_edited=&#8221;on|tablet&#8221; custom_padding__hover=&#8221;|||&#8221;][et_pb_text _builder_version=&#8221;4.6.1&#8243; text_font=&#8221;||||||||&#8221; header_font=&#8221;||||||||&#8221; header_3_font=&#8221;Karla|700||on|||||&#8221; header_3_text_color=&#8221;#c2ab92&#8243; header_3_font_size=&#8221;16px&#8221; header_3_letter_spacing=&#8221;1px&#8221; background_layout=&#8221;dark&#8221; max_width=&#8221;600px&#8221; module_alignment=&#8221;left&#8221; custom_margin=&#8221;||20px|&#8221; locked=&#8221;off&#8221;]<\/p>\n<h3>Varmepumpe<\/h3>\n<p>[\/et_pb_text][et_pb_text _builder_version=&#8221;4.6.1&#8243; text_font=&#8221;Karla||||||||&#8221; text_font_size=&#8221;18px&#8221; text_line_height=&#8221;1.8em&#8221; header_font=&#8221;||||||||&#8221; header_2_font=&#8221;Poppins||||||||&#8221; header_2_font_size=&#8221;40px&#8221; header_2_line_height=&#8221;1.4em&#8221; header_3_font=&#8221;||||||||&#8221; max_width=&#8221;600px&#8221; locked=&#8221;off&#8221;]<\/p>\n<h2>Varmepumper &#8211; til erhverv og private<\/h2>\n<p><a class=\"cta  hasText      \">Der findes tre slags varmepumper;<span>\u00a0<\/span><\/a>luft til luft<span>,\u00a0<\/span>luft til vand<span>\u00a0og\u00a0<\/span>jordvarme<a href=\"https:\/\/www.blueinstall.dk\/ydelser\/varmepumper-energibesparende-og-miljovenlige-varmekilder\/jordvarmeanlaeg-spar-op-til-60-pa-varmeregningen\" title=\"Jordvarmeanl\u00e6g - Spar op til 60% p\u00e5 varmeregningen\"><\/a><span>. Luft til luft varmepumpen er den billigste l\u00f8sning, men kan i mods\u00e6tning til de to andre ikke levere varmt vand. Ofte anvendes luft til luft varmepumper i sommerhuse, hvor de fungerer som supplement til eksisterende varmekilder, som f.eks. el-radiatorer. De kan ogs\u00e5 anvendes hos virksomheder. Her skal man dog v\u00e6re opm\u00e6rksom p\u00e5 at v\u00e6lge den rette slags luft til luft varmepumpe, hvis der er mange adskilte rum, der skal varmes op. Jordvarme og luft til vand varmepumper kr\u00e6ver radiatorer eller gulvvarme (vandb\u00e5rne systemer) til at fordele varmen indend\u00f8rs. Luft til vand er muligvis den mest anvendelige slags varmepumpe og har f\u00e5 begr\u00e6nsninger. Derfor bruges de meget b\u00e5de i hel\u00e5rshuse og i erhvervslokaler. Jordvarme kr\u00e6ver, at man graver slanger ned i grunden omkring bygningen, typisk i haven.<\/span><\/p>\n<p>[\/et_pb_text][\/et_pb_column][et_pb_column type=&#8221;1_2&#8243; _builder_version=&#8221;4.6.1&#8243; background_color=&#8221;#121212&#8243; use_background_color_gradient=&#8221;on&#8221; background_color_gradient_start=&#8221;rgba(18,18,18,0.5)&#8221; background_color_gradient_end=&#8221;#121212&#8243; background_color_gradient_overlays_image=&#8221;on&#8221; background_image=&#8221;https:\/\/mertzel.dk\/wp-content\/uploads\/2020\/12\/Capture.png&#8221; custom_padding=&#8221;100px||100px|&#8221; custom_padding_tablet=&#8221;60px||60px|&#8221; custom_padding_phone=&#8221;&#8221; custom_padding_last_edited=&#8221;on|desktop&#8221; padding_tablet=&#8221;60px||60px|&#8221; padding_last_edited=&#8221;on|desktop&#8221; custom_padding__hover=&#8221;|||&#8221;][et_pb_image src=&#8221;https:\/\/mertzel.dk\/wp-content\/uploads\/2020\/12\/Capture.png&#8221; title_text=&#8221;Capture&#8221; align_tablet=&#8221;center&#8221; align_phone=&#8221;&#8221; align_last_edited=&#8221;on|desktop&#8221; _builder_version=&#8221;4.6.1&#8243; max_width=&#8221;600px&#8221; max_width_tablet=&#8221;&#8221; max_width_phone=&#8221;&#8221; max_width_last_edited=&#8221;on|desktop&#8221; custom_margin=&#8221;196px|||-8%||&#8221; custom_margin_tablet=&#8221;60px|60px|60px|60px&#8221; custom_margin_phone=&#8221;&#8221; custom_margin_last_edited=&#8221;on|desktop&#8221; custom_padding=&#8221;|||&#8221; animation_style=&#8221;slide&#8221; animation_direction=&#8221;right&#8221; animation_intensity_slide=&#8221;4%&#8221; animation_starting_opacity=&#8221;50%&#8221; box_shadow_style=&#8221;preset3&#8243; box_shadow_blur=&#8221;80px&#8221;][\/et_pb_image][\/et_pb_column][\/et_pb_row][\/et_pb_section]<\/p>\n","protected":false},"excerpt":{"rendered":"<p>VARMEPUMPEVarmepume Et godt indeklima er vigtigt for dine medarbejdes arbejdsmilj\u00f8 og kan hurtigt p\u00e5virke deres effektivitet. Det samme g\u00f8r sig g\u00e6ldende for folks bolig, da\u00a0mennesker opholder sig ca. 80 pct. af tiden inden d\u00f8re.\u00a0Vi kan hj\u00e6lpe dig med den rigtige ventilation eller med et intelligent varmestyringssystem, som s\u00f8rger for j\u00e6vne temperaturer, der samtidig er med [&hellip;]<\/p>\n","protected":false},"author":4,"featured_media":0,"parent":0,"menu_order":0,"comment_status":"closed","ping_status":"closed","template":"","meta":{"_et_pb_use_builder":"on","_et_pb_old_content":"","_et_gb_content_width":"","footnotes":""},"class_list":["post-892","page","type-page","status-publish","hentry"],"_links":{"self":[{"href":"https:\/\/mertzel.dk\/index.php?rest_route=\/wp\/v2\/pages\/892","targetHints":{"allow":["GET"]}}],"collection":[{"href":"https:\/\/mertzel.dk\/index.php?rest_route=\/wp\/v2\/pages"}],"about":[{"href":"https:\/\/mertzel.dk\/index.php?rest_route=\/wp\/v2\/types\/page"}],"author":[{"embeddable":true,"href":"https:\/\/mertzel.dk\/index.php?rest_route=\/wp\/v2\/users\/4"}],"replies":[{"embeddable":true,"href":"https:\/\/mertzel.dk\/index.php?rest_route=%2Fwp%2Fv2%2Fcomments&post=892"}],"version-history":[{"count":5,"href":"https:\/\/mertzel.dk\/index.php?rest_route=\/wp\/v2\/pages\/892\/revisions"}],"predecessor-version":[{"id":1551,"href":"https:\/\/mertzel.dk\/index.php?rest_route=\/wp\/v2\/pages\/892\/revisions\/1551"}],"wp:attachment":[{"href":"https:\/\/mertzel.dk\/index.php?rest_route=%2Fwp%2Fv2%2Fmedia&parent=892"}],"curies":[{"name":"wp","href":"https:\/\/api.w.org\/{rel}","templated":true}]}}